{"id":2971,"date":"2018-08-03T08:44:05","date_gmt":"2018-08-03T06:44:05","guid":{"rendered":"https:\/\/www.medicalserviceta.it\/areas\/"},"modified":"2025-07-15T12:24:32","modified_gmt":"2025-07-15T10:24:32","slug":"areas","status":"publish","type":"page","link":"https:\/\/www.medicalserviceta.it\/en\/areas\/","title":{"rendered":"Areas"},"content":{"rendered":"\t\t<div data-elementor-type=\"wp-page\" data-elementor-id=\"2971\" class=\"elementor elementor-2971 elementor-86\" data-elementor-post-type=\"page\">\n\t\t\t\t\t\t<div class=\"elementor-section elementor-top-section elementor-element elementor-element-679ab83 ts-col-stretched-none ts-bg-color-over-image elementor-section-boxed elementor-section-height-default elementor-section-height-default\" data-id=\"679ab83\" data-element_type=\"section\" data-e-type=\"section\">\n\t\t\t\t\t\t<div class=\"elementor-container elementor-column-gap-no\">\n\t\t\t\t\t<div class=\"elementor-column elementor-col-100 elementor-top-column elementor-element elementor-element-0af8a4f ts-bg-color-over-image\" data-id=\"0af8a4f\" data-element_type=\"column\" data-e-type=\"column\">\n\t\t\t<div class=\"elementor-widget-wrap elementor-element-populated\">\n\t\t\t\t\t\t<div class=\"elementor-element elementor-element-7513521 elementor-hidden-tablet elementor-hidden-mobile elementor-widget elementor-widget-ts_service_element\" data-id=\"7513521\" data-element_type=\"widget\" data-e-type=\"widget\" data-widget_type=\"ts_service_element.default\">\n\t\t\t\t<div class=\"elementor-widget-container\">\n\t\t\t\t\t\t\t\t\t\t\t\t\t\t\t\t\t\t\t\t\t\t\t\t\t\t\t\t\t\t\t\t\t\t\t\t\t\t<div class=\"themestek-boxes themestek-boxes-service themestek-boxes-element-service-style-14 themestek-boxes-view-default themestek-boxes-col-three themestek-boxes-sortable- themestek-boxes-textalign-left themestek-boxes-sortablebutton- themestek-boxes-spacing-default\">\r\n\t\t<div class=\"themestek-boxes-inner themestek-boxes-service-inner \">\t<div class=\"ts-heading-subheading \"><\/div><div class=\"themestek-main-hover\">\r\n\t\t\t\t\t\t\t\t\t<div class=\"themestek-hover-slide-images\">\r\n\t\t\t\t\t\t\t\t\t\t<div class=\"themestek-hover-image\"><div class=\"ts-featured-wrapper ts-ts-service-featured-wrapper\"><img fetchpriority=\"high\" decoding=\"async\" width=\"600\" height=\"670\" src=\"https:\/\/www.medicalserviceta.it\/wp-content\/uploads\/2018\/08\/trattamento-del-dolore-2-600x670.jpeg\" class=\"attachment-themestek-img-600x670 size-themestek-img-600x670 wp-post-image\" alt=\"\" \/><\/div><div class=\"ts-featured-wrapper ts-ts-service-featured-wrapper\"><img decoding=\"async\" width=\"600\" height=\"670\" src=\"https:\/\/www.medicalserviceta.it\/wp-content\/uploads\/2018\/08\/medicina-rigenerativa-600x670.jpeg\" class=\"attachment-themestek-img-600x670 size-themestek-img-600x670 wp-post-image\" alt=\"\" \/><\/div><div class=\"ts-featured-wrapper ts-ts-service-featured-wrapper\"><img decoding=\"async\" width=\"600\" height=\"670\" src=\"https:\/\/www.medicalserviceta.it\/wp-content\/uploads\/2018\/06\/neurosurgery-600x670.jpeg\" class=\"attachment-themestek-img-600x670 size-themestek-img-600x670 wp-post-image\" alt=\"\" \/><\/div><\/div><\/div><div class=\"themestek-content-box\">\r\n\t\t\t\t\t\t\t\t\t<div class=\"themestek-hover-slide-nav\">\r\n\t\t\t\t\t\t\t\t\t\t<ul class=\"themestek-hover-inner\"><li><h3><a title=\" Treatment of chronic pain\" href=\"https:\/\/www.medicalserviceta.it\/en\/Servizi\/treatment-of-chronic-pain\/\">Treatment of chronic pain<\/a><\/h3><i class=\"ts-labtechco-icon-up-right-arrow\"><\/i><\/li><li><h3><a title=\" Regenerative medicine\" href=\"https:\/\/www.medicalserviceta.it\/en\/Servizi\/regenerative-medicine\/\">Regenerative medicine<\/a><\/h3><i class=\"ts-labtechco-icon-up-right-arrow\"><\/i><\/li><li><h3><a title=\" Neurosurgery\" href=\"https:\/\/www.medicalserviceta.it\/en\/Servizi\/neurosurgery\/\">Neurosurgery<\/a><\/h3><i class=\"ts-labtechco-icon-up-right-arrow\"><\/i><\/li><\/ul><\/div><\/div><\/div><\/div><!-- .themestek-boxes-inner -->   <\/div><!-- .themestek-boxes -->  \t\t\t\t<\/div>\n\t\t\t\t<\/div>\n\t\t\t\t<div class=\"elementor-element elementor-element-177d6a8 elementor-hidden-desktop elementor-widget-mobile__width-inherit elementor-widget elementor-widget-ts_service_element\" data-id=\"177d6a8\" data-element_type=\"widget\" data-e-type=\"widget\" data-widget_type=\"ts_service_element.default\">\n\t\t\t\t<div class=\"elementor-widget-container\">\n\t\t\t\t\t<div class=\"themestek-boxes themestek-boxes-service themestek-boxes-element-service-style-7 themestek-boxes-view-carousel themestek-boxes-col-three themestek-boxes-sortable- themestek-boxes-textalign-left themestek-boxes-sortablebutton- themestek-boxes-spacing-default ts-boxes-carousel-arrows-1\" data-ts-autoplayspeed=\"1000\" data-ts-centermode=\"1\" data-ts-nav=\"1\" data-ts-dots=\"1\" data-ts-loop=\"0\" data-ts-autoplay=\"0\">\r\n\t\t<div class=\"themestek-boxes-inner themestek-boxes-service-inner \">\t<div class=\"ts-heading-subheading \"><\/div>\r\n\t\t\t\r\n\t\t\t<div class=\"row multi-columns-row themestek-boxes-row-wrapper\">\r\n\t\t\t\t<div class=\"ts-box-col-wrapper col-lg-4 col-sm-6 col-md-4 col-xs-12 \"><article class=\"themestek-box themestek-box-service ts-servicebox-style-7\">\r\n\t<div class=\"themestek-post-item\">\r\n\t\t<div class=\"ts-featured-wrapper ts-ts-service-featured-wrapper\"><img loading=\"lazy\" decoding=\"async\" width=\"2560\" height=\"2241\" src=\"https:\/\/www.medicalserviceta.it\/wp-content\/uploads\/2018\/08\/trattamento-del-dolore-2-scaled.jpeg\" class=\"attachment-themestek-img-800x700 size-themestek-img-800x700 wp-post-image\" alt=\"\" \/><\/div>\t\t<div class=\"themestek-box-content\">\r\n            <div class=\"themestek-box-content-inner\">\t\t\t  \r\n\t\t\t\t<div class=\"ts-ihbox-icon ts-large-icon\">\r\n\t\t\t\t\t\t<i class=\"fa fa-map-marker\"><\/i>\t\t\t\t<\/div>\r\n\t\t\t\t<div class=\"themestek-pf-box-title\">\r\n\t\t\t\t\t<div class=\"themestek-box-category\"><\/div>\r\n\t\t\t\t\t<h3><a title=\"Treatment of chronic pain\" href=\"https:\/\/www.medicalserviceta.it\/en\/Servizi\/treatment-of-chronic-pain\/\">Treatment of chronic pain<\/a><\/h3>\t\t\t\t\t\r\n\t\t\t\t<\/div>\r\n\r\n\t\t\t\t \t\t\t\t\t<div class=\"themestek-box-desc\">\r\n\t\t\t\t\t\t<p>Pain therapy or antalgic therapy, is a branch of medicine that aims to<br \/>\ntreat chronic-type pain by controlling painful stimuli in order to improve the<br \/>\nquality of life of treated patients.<\/p>\n\t\t\t\t\t<\/div>\r\n\t\t\t\t  \r\n\t\t\t\t<div class=\"themestek-box-link\"><a href=\"https:\/\/www.medicalserviceta.it\/en\/Servizi\/treatment-of-chronic-pain\/\" title=\"READMORE\">READMORE<\/a><\/div> \r\n\t\t\t<\/div>\t\t\r\n\t\t<\/div>\r\n\t<\/div>\r\n<\/article><\/div><div class=\"ts-box-col-wrapper col-lg-4 col-sm-6 col-md-4 col-xs-12 \"><article class=\"themestek-box themestek-box-service ts-servicebox-style-7\">\r\n\t<div class=\"themestek-post-item\">\r\n\t\t<div class=\"ts-featured-wrapper ts-ts-service-featured-wrapper\"><img loading=\"lazy\" decoding=\"async\" width=\"2560\" height=\"1435\" src=\"https:\/\/www.medicalserviceta.it\/wp-content\/uploads\/2018\/08\/medicina-rigenerativa-scaled.jpeg\" class=\"attachment-themestek-img-800x700 size-themestek-img-800x700 wp-post-image\" alt=\"\" \/><\/div>\t\t<div class=\"themestek-box-content\">\r\n            <div class=\"themestek-box-content-inner\">\t\t\t  \r\n\t\t\t\t<div class=\"ts-ihbox-icon ts-large-icon\">\r\n\t\t\t\t\t\t<i class=\"fa fa-map-marker\"><\/i>\t\t\t\t<\/div>\r\n\t\t\t\t<div class=\"themestek-pf-box-title\">\r\n\t\t\t\t\t<div class=\"themestek-box-category\"><\/div>\r\n\t\t\t\t\t<h3><a title=\"Regenerative medicine\" href=\"https:\/\/www.medicalserviceta.it\/en\/Servizi\/regenerative-medicine\/\">Regenerative medicine<\/a><\/h3>\t\t\t\t\t\r\n\t\t\t\t<\/div>\r\n\r\n\t\t\t\t   \r\n\t\t\t\t<div class=\"themestek-box-link\"><a href=\"https:\/\/www.medicalserviceta.it\/en\/Servizi\/regenerative-medicine\/\" title=\"READMORE\">READMORE<\/a><\/div> \r\n\t\t\t<\/div>\t\t\r\n\t\t<\/div>\r\n\t<\/div>\r\n<\/article><\/div><div class=\"ts-box-col-wrapper col-lg-4 col-sm-6 col-md-4 col-xs-12 \"><article class=\"themestek-box themestek-box-service ts-servicebox-style-7\">\r\n\t<div class=\"themestek-post-item\">\r\n\t\t<div class=\"ts-featured-wrapper ts-ts-service-featured-wrapper\"><img loading=\"lazy\" decoding=\"async\" width=\"2560\" height=\"1440\" src=\"https:\/\/www.medicalserviceta.it\/wp-content\/uploads\/2018\/06\/neurosurgery.jpeg\" class=\"attachment-themestek-img-800x700 size-themestek-img-800x700 wp-post-image\" alt=\"\" \/><\/div>\t\t<div class=\"themestek-box-content\">\r\n            <div class=\"themestek-box-content-inner\">\t\t\t  \r\n\t\t\t\t<div class=\"ts-ihbox-icon ts-large-icon\">\r\n\t\t\t\t\t\t<i class=\"fa fa-map-marker\"><\/i>\t\t\t\t<\/div>\r\n\t\t\t\t<div class=\"themestek-pf-box-title\">\r\n\t\t\t\t\t<div class=\"themestek-box-category\"><\/div>\r\n\t\t\t\t\t<h3><a title=\"Neurosurgery\" href=\"https:\/\/www.medicalserviceta.it\/en\/Servizi\/neurosurgery\/\">Neurosurgery<\/a><\/h3>\t\t\t\t\t\r\n\t\t\t\t<\/div>\r\n\r\n\t\t\t\t \t\t\t\t\t<div class=\"themestek-box-desc\">\r\n\t\t\t\t\t\t<p>To help stakeholders in government and business make smart decisions.<\/p>\n\t\t\t\t\t<\/div>\r\n\t\t\t\t  \r\n\t\t\t\t<div class=\"themestek-box-link\"><a href=\"https:\/\/www.medicalserviceta.it\/en\/Servizi\/neurosurgery\/\" title=\"READMORE\">READMORE<\/a><\/div> \r\n\t\t\t<\/div>\t\t\r\n\t\t<\/div>\r\n\t<\/div>\r\n<\/article><\/div>\r\n\t\t\t<\/div>\r\n\t\t<\/div><!-- .themestek-boxes-inner -->   <\/div><!-- .themestek-boxes -->  \t\t\t\t<\/div>\n\t\t\t\t<\/div>\n\t\t\t\t\t<\/div>\n\t\t<\/div>\n\t\t\t\t\t<\/div>\n\t\t<\/div>\n\t\t\t\t<\/div>\n\t\t","protected":false},"excerpt":{"rendered":"<p>Trattamento del dolore Medicina rigenerativa Neurosurgery Trattamento del dolore La terapia del dolore o terapia antalgica, \u00e8 una branca della medicina che ha la finalit\u00e0 di trattare il dolore di tipo cronico, controllando gli stimoli dolorosi, al fine di migliorare la qualit\u00e0 di vita dei pazienti trattati. READMORE Medicina rigenerativa READMORE Neurosurgery To help stakeholders &hellip; <a href=\"https:\/\/www.medicalserviceta.it\/en\/Servizi\/neurosurgery\/\" class=\"more-link\" title=\"Continue reading <span class=\"screen-reader-text\">Neurosurgery<\/span>&#8220;>Continue reading <span class=\"screen-reader-text\">Neurosurgery<\/span><\/a><\/p>\n","protected":false},"author":1,"featured_media":0,"parent":0,"menu_order":24,"comment_status":"closed","ping_status":"closed","template":"","meta":{"footnotes":""},"class_list":["post-2971","page","type-page","status-publish","hentry"],"yoast_head":"<!-- This site is optimized with the Yoast SEO plugin v26.8 - https:\/\/yoast.com\/product\/yoast-seo-wordpress\/ -->\n<title>Areas - Medical Service<\/title>\n<meta name=\"robots\" content=\"index, follow, max-snippet:-1, max-image-preview:large, max-video-preview:-1\" \/>\n<link rel=\"canonical\" href=\"https:\/\/www.medicalserviceta.it\/en\/areas\/\" \/>\n<meta property=\"og:locale\" content=\"en_US\" \/>\n<meta property=\"og:type\" content=\"article\" \/>\n<meta property=\"og:title\" content=\"Areas - Medical Service\" \/>\n<meta property=\"og:description\" content=\"Trattamento del dolore Medicina rigenerativa Neurosurgery Trattamento del dolore La terapia del dolore o terapia antalgica, \u00e8 una branca della medicina che ha la finalit\u00e0 di trattare il dolore di tipo cronico, controllando gli stimoli dolorosi, al fine di migliorare la qualit\u00e0 di vita dei pazienti trattati. READMORE Medicina rigenerativa READMORE Neurosurgery To help stakeholders &hellip; Continue reading Neurosurgery\" \/>\n<meta property=\"og:url\" content=\"https:\/\/www.medicalserviceta.it\/en\/areas\/\" \/>\n<meta property=\"og:site_name\" content=\"Medical Service\" \/>\n<meta property=\"article:modified_time\" content=\"2025-07-15T10:24:32+00:00\" \/>\n<meta property=\"og:image\" content=\"https:\/\/www.medicalserviceta.it\/wp-content\/uploads\/2018\/08\/trattamento-del-dolore-600x670.jpeg\" \/>\n<meta name=\"twitter:card\" content=\"summary_large_image\" \/>\n<script type=\"application\/ld+json\" class=\"yoast-schema-graph\">{\"@context\":\"https:\/\/schema.org\",\"@graph\":[{\"@type\":\"WebPage\",\"@id\":\"https:\/\/www.medicalserviceta.it\/en\/areas\/\",\"url\":\"https:\/\/www.medicalserviceta.it\/en\/areas\/\",\"name\":\"Areas - Medical Service\",\"isPartOf\":{\"@id\":\"https:\/\/www.medicalserviceta.it\/en\/#website\"},\"primaryImageOfPage\":{\"@id\":\"https:\/\/www.medicalserviceta.it\/en\/areas\/#primaryimage\"},\"image\":{\"@id\":\"https:\/\/www.medicalserviceta.it\/en\/areas\/#primaryimage\"},\"thumbnailUrl\":\"https:\/\/www.medicalserviceta.it\/wp-content\/uploads\/2018\/08\/trattamento-del-dolore-600x670.jpeg\",\"datePublished\":\"2018-08-03T06:44:05+00:00\",\"dateModified\":\"2025-07-15T10:24:32+00:00\",\"breadcrumb\":{\"@id\":\"https:\/\/www.medicalserviceta.it\/en\/areas\/#breadcrumb\"},\"inLanguage\":\"en-US\",\"potentialAction\":[{\"@type\":\"ReadAction\",\"target\":[\"https:\/\/www.medicalserviceta.it\/en\/areas\/\"]}]},{\"@type\":\"ImageObject\",\"inLanguage\":\"en-US\",\"@id\":\"https:\/\/www.medicalserviceta.it\/en\/areas\/#primaryimage\",\"url\":\"https:\/\/www.medicalserviceta.it\/wp-content\/uploads\/2018\/08\/trattamento-del-dolore-600x670.jpeg\",\"contentUrl\":\"https:\/\/www.medicalserviceta.it\/wp-content\/uploads\/2018\/08\/trattamento-del-dolore-600x670.jpeg\"},{\"@type\":\"BreadcrumbList\",\"@id\":\"https:\/\/www.medicalserviceta.it\/en\/areas\/#breadcrumb\",\"itemListElement\":[{\"@type\":\"ListItem\",\"position\":1,\"name\":\"Home\",\"item\":\"https:\/\/www.medicalserviceta.it\/en\/\"},{\"@type\":\"ListItem\",\"position\":2,\"name\":\"Areas\"}]},{\"@type\":\"WebSite\",\"@id\":\"https:\/\/www.medicalserviceta.it\/en\/#website\",\"url\":\"https:\/\/www.medicalserviceta.it\/en\/\",\"name\":\"Medical Service\",\"description\":\"\",\"publisher\":{\"@id\":\"https:\/\/www.medicalserviceta.it\/en\/#organization\"},\"potentialAction\":[{\"@type\":\"SearchAction\",\"target\":{\"@type\":\"EntryPoint\",\"urlTemplate\":\"https:\/\/www.medicalserviceta.it\/en\/?s={search_term_string}\"},\"query-input\":{\"@type\":\"PropertyValueSpecification\",\"valueRequired\":true,\"valueName\":\"search_term_string\"}}],\"inLanguage\":\"en-US\"},{\"@type\":\"Organization\",\"@id\":\"https:\/\/www.medicalserviceta.it\/en\/#organization\",\"name\":\"Medical Service\",\"url\":\"https:\/\/www.medicalserviceta.it\/en\/\",\"logo\":{\"@type\":\"ImageObject\",\"inLanguage\":\"en-US\",\"@id\":\"https:\/\/www.medicalserviceta.it\/en\/#\/schema\/logo\/image\/\",\"url\":\"https:\/\/www.medicalserviceta.it\/wp-content\/uploads\/2024\/05\/logo-dark.png\",\"contentUrl\":\"https:\/\/www.medicalserviceta.it\/wp-content\/uploads\/2024\/05\/logo-dark.png\",\"width\":270,\"height\":110,\"caption\":\"Medical Service\"},\"image\":{\"@id\":\"https:\/\/www.medicalserviceta.it\/en\/#\/schema\/logo\/image\/\"}}]}<\/script>\n<!-- \/ Yoast SEO plugin. -->","yoast_head_json":{"title":"Areas - Medical Service","robots":{"index":"index","follow":"follow","max-snippet":"max-snippet:-1","max-image-preview":"max-image-preview:large","max-video-preview":"max-video-preview:-1"},"canonical":"https:\/\/www.medicalserviceta.it\/en\/areas\/","og_locale":"en_US","og_type":"article","og_title":"Areas - Medical Service","og_description":"Trattamento del dolore Medicina rigenerativa Neurosurgery Trattamento del dolore La terapia del dolore o terapia antalgica, \u00e8 una branca della medicina che ha la finalit\u00e0 di trattare il dolore di tipo cronico, controllando gli stimoli dolorosi, al fine di migliorare la qualit\u00e0 di vita dei pazienti trattati. READMORE Medicina rigenerativa READMORE Neurosurgery To help stakeholders &hellip; Continue reading Neurosurgery","og_url":"https:\/\/www.medicalserviceta.it\/en\/areas\/","og_site_name":"Medical Service","article_modified_time":"2025-07-15T10:24:32+00:00","og_image":[{"url":"https:\/\/www.medicalserviceta.it\/wp-content\/uploads\/2018\/08\/trattamento-del-dolore-600x670.jpeg","type":"","width":"","height":""}],"twitter_card":"summary_large_image","schema":{"@context":"https:\/\/schema.org","@graph":[{"@type":"WebPage","@id":"https:\/\/www.medicalserviceta.it\/en\/areas\/","url":"https:\/\/www.medicalserviceta.it\/en\/areas\/","name":"Areas - Medical Service","isPartOf":{"@id":"https:\/\/www.medicalserviceta.it\/en\/#website"},"primaryImageOfPage":{"@id":"https:\/\/www.medicalserviceta.it\/en\/areas\/#primaryimage"},"image":{"@id":"https:\/\/www.medicalserviceta.it\/en\/areas\/#primaryimage"},"thumbnailUrl":"https:\/\/www.medicalserviceta.it\/wp-content\/uploads\/2018\/08\/trattamento-del-dolore-600x670.jpeg","datePublished":"2018-08-03T06:44:05+00:00","dateModified":"2025-07-15T10:24:32+00:00","breadcrumb":{"@id":"https:\/\/www.medicalserviceta.it\/en\/areas\/#breadcrumb"},"inLanguage":"en-US","potentialAction":[{"@type":"ReadAction","target":["https:\/\/www.medicalserviceta.it\/en\/areas\/"]}]},{"@type":"ImageObject","inLanguage":"en-US","@id":"https:\/\/www.medicalserviceta.it\/en\/areas\/#primaryimage","url":"https:\/\/www.medicalserviceta.it\/wp-content\/uploads\/2018\/08\/trattamento-del-dolore-600x670.jpeg","contentUrl":"https:\/\/www.medicalserviceta.it\/wp-content\/uploads\/2018\/08\/trattamento-del-dolore-600x670.jpeg"},{"@type":"BreadcrumbList","@id":"https:\/\/www.medicalserviceta.it\/en\/areas\/#breadcrumb","itemListElement":[{"@type":"ListItem","position":1,"name":"Home","item":"https:\/\/www.medicalserviceta.it\/en\/"},{"@type":"ListItem","position":2,"name":"Areas"}]},{"@type":"WebSite","@id":"https:\/\/www.medicalserviceta.it\/en\/#website","url":"https:\/\/www.medicalserviceta.it\/en\/","name":"Medical Service","description":"","publisher":{"@id":"https:\/\/www.medicalserviceta.it\/en\/#organization"},"potentialAction":[{"@type":"SearchAction","target":{"@type":"EntryPoint","urlTemplate":"https:\/\/www.medicalserviceta.it\/en\/?s={search_term_string}"},"query-input":{"@type":"PropertyValueSpecification","valueRequired":true,"valueName":"search_term_string"}}],"inLanguage":"en-US"},{"@type":"Organization","@id":"https:\/\/www.medicalserviceta.it\/en\/#organization","name":"Medical Service","url":"https:\/\/www.medicalserviceta.it\/en\/","logo":{"@type":"ImageObject","inLanguage":"en-US","@id":"https:\/\/www.medicalserviceta.it\/en\/#\/schema\/logo\/image\/","url":"https:\/\/www.medicalserviceta.it\/wp-content\/uploads\/2024\/05\/logo-dark.png","contentUrl":"https:\/\/www.medicalserviceta.it\/wp-content\/uploads\/2024\/05\/logo-dark.png","width":270,"height":110,"caption":"Medical Service"},"image":{"@id":"https:\/\/www.medicalserviceta.it\/en\/#\/schema\/logo\/image\/"}}]}},"_links":{"self":[{"href":"https:\/\/www.medicalserviceta.it\/en\/wp-json\/wp\/v2\/pages\/2971","targetHints":{"allow":["GET"]}}],"collection":[{"href":"https:\/\/www.medicalserviceta.it\/en\/wp-json\/wp\/v2\/pages"}],"about":[{"href":"https:\/\/www.medicalserviceta.it\/en\/wp-json\/wp\/v2\/types\/page"}],"author":[{"embeddable":true,"href":"https:\/\/www.medicalserviceta.it\/en\/wp-json\/wp\/v2\/users\/1"}],"replies":[{"embeddable":true,"href":"https:\/\/www.medicalserviceta.it\/en\/wp-json\/wp\/v2\/comments?post=2971"}],"version-history":[{"count":1,"href":"https:\/\/www.medicalserviceta.it\/en\/wp-json\/wp\/v2\/pages\/2971\/revisions"}],"predecessor-version":[{"id":2972,"href":"https:\/\/www.medicalserviceta.it\/en\/wp-json\/wp\/v2\/pages\/2971\/revisions\/2972"}],"wp:attachment":[{"href":"https:\/\/www.medicalserviceta.it\/en\/wp-json\/wp\/v2\/media?parent=2971"}],"curies":[{"name":"wp","href":"https:\/\/api.w.org\/{rel}","templated":true}]}}